{"id":5477,"date":"2025-04-29T08:13:27","date_gmt":"2025-04-29T06:13:27","guid":{"rendered":"https:\/\/merlinleonard.com\/en\/?page_id=5477"},"modified":"2025-10-16T11:04:15","modified_gmt":"2025-10-16T09:04:15","slug":"free-strategic-coaching-1h30-to-challenge-your-b2b-marketing","status":"publish","type":"page","link":"https:\/\/merlinleonard.com\/en\/nos-expertises\/vision-and-strategy\/free-strategic-coaching-1h30-to-challenge-your-b2b-marketing\/","title":{"rendered":"Free strategic coaching : 1h30 to challenge your B2B marketing"},"content":{"rendered":"","protected":false},"excerpt":{"rendered":"","protected":false},"author":2,"featured_media":5479,"parent":5451,"menu_order":0,"comment_status":"closed","ping_status":"closed","template":"tpl-offer.php","meta":{"_acf_changed":false,"_yoast_wpseo_focuskw":"strategic coaching","_yoast_wpseo_linkdex":52,"_yoast_wpseo_content_score":90,"inline_featured_image":false,"footnotes":""},"class_list":["post-5477","page","type-page","status-publish","has-post-thumbnail","hentry"],"acf":{"offer_modules":[{"acf_fc_layout":"offer_header","offer_header_title":"<h1>Free strategic coaching : 1h30 to challenge your B2B Marketing<\/h1>","offer_header_p":"Strategic workshop: discuss your Marketing Automation & ABM needs with an expert, free of charge.","offer_header_boxed_p":"A moment of free exchange: you can ask questions, explore your ideas and leave with concrete ideas for taking things further.","offer_header_boxed_color":"--color-yellow-ml","offer_header_img":5479,"offer_header_video":"","offer_header_toggle_form":{"title":"Book a free strategic coaching session","url":"https:\/\/merlinleonard.com\/en\/contact\/book-a-free-strategic-coaching-session\/","target":"_blank"},"offer_header_toggle_form_cta_opener":""},{"acf_fc_layout":"offer_challenges","offer_challenges_background":"--color-grey-ml","offer_challenges_items_background":"--color-grey-ml","offer_challenges_padding_top":50,"offer_challenges_padding_bottom":50,"offer_challenges_head_align":"center","offer_challenges_title":"<h2>\ud83c\udfaf Why have a coaching session?<\/h2>","offer_challenges_p":"Are you looking to explore new approaches to marketing automation and ABM? Would you like to identify optimization levers, test new ideas or simply compare your strategies with an expert?\r\n\r\nSpend 1h30 with Sylvain Davril, a recognized expert in marketing automation and ABM, exploring together innovative ideas and areas for improvement.","offer_challenges_items":[{"offer_challenges_item_image":5592,"offer_challenges_item_title":"<h3>\u2705 A direct exchange with an expert, without obligation!<\/h3>","offer_challenges_item_p":"Sylvain Davril, your expert with over 10 years' experience of Marketo and ABM strategies."},{"offer_challenges_item_image":5590,"offer_challenges_item_title":"<h3>\u2705 A tailor-made approach<\/h3>","offer_challenges_item_p":"An approach tailored to your specific challenges."},{"offer_challenges_item_image":5589,"offer_challenges_item_title":"<h3>\u2705 Actionable tips<\/h3>","offer_challenges_item_p":"For fast results."},{"offer_challenges_item_image":5593,"offer_challenges_item_title":"<h3>\u2705 Better visibility<\/h3>","offer_challenges_item_p":"To convince your management and align your marketing and sales teams."}]},{"acf_fc_layout":"offer_prlx","offer_prlx_background":5587,"offer_prlx_title":"<h2 style=\"text-align:center ;\">Free strategic coaching : 1h30 to challenge your B2B marketing<\/h2>","offer_prlx_p":"Discuss your digital marketing strategy with an expert free of charge","offer_prlx_cta":{"title":"Book a free strategic coaching session","url":"https:\/\/merlinleonard.com\/en\/contact\/book-a-free-strategic-coaching-session\/","target":"_blank"},"offer_prlx_height":60,"offer_prlx_wrapperwidth":640},{"acf_fc_layout":"offer_challenges","offer_challenges_background":"--color-grey-ml","offer_challenges_items_background":"--color-grey-ml","offer_challenges_padding_top":50,"offer_challenges_padding_bottom":50,"offer_challenges_head_align":"center","offer_challenges_title":"<h2>\ud83c\udfc6 Themes we can explore together<\/h2>","offer_challenges_p":"This session is a free exchange of ideas: you can ask questions, explore your ideas and leave with concrete ideas to take you further.","offer_challenges_items":[{"offer_challenges_item_image":5532,"offer_challenges_item_title":"<h3>Convincing my management to invest in marketing<\/h3>","offer_challenges_item_p":"How do you demonstrate the value of marketing automation and ABM? How do you build a convincing business case for budgets?"},{"offer_challenges_item_image":5906,"offer_challenges_item_title":"<h3>Generate qualified leads and sales meetings<\/h3>","offer_challenges_item_p":"What strategies and tactics can you put in place to attract and convert high-potential prospects?"},{"offer_challenges_item_image":5907,"offer_challenges_item_title":"<h3>Align my marketing strategy with strategic accounts and prioritize accounts<\/h3>","offer_challenges_item_p":"How can I build an effective ABM approach and target and prioritize my key accounts?"}]},{"acf_fc_layout":"offer_challenges","offer_challenges_background":"--color-grey-ml","offer_challenges_items_background":"--color-grey-ml","offer_challenges_padding_top":50,"offer_challenges_padding_bottom":50,"offer_challenges_head_align":"center","offer_challenges_title":"","offer_challenges_p":"","offer_challenges_items":[{"offer_challenges_item_image":5596,"offer_challenges_item_title":"<h3>Optimiser ma solution Marketo<\/h3>","offer_challenges_item_p":"What are the quick wins and advanced optimizations to maximize ROI and improve the operational efficiency of your Marketo instance?"},{"offer_challenges_item_image":5597,"offer_challenges_item_title":"<h3>Optimize my Demandbase solution<\/h3>","offer_challenges_item_p":"How can you leverage Demandbase to better identify, engage and convert your target accounts?"},{"offer_challenges_item_image":5599,"offer_challenges_item_title":"<h3>Making data-driven decisions<\/h3>","offer_challenges_item_p":"What KPIs should you monitor and how can you use them to continuously adjust and improve your strategy?"}]},{"acf_fc_layout":"offer_2colmedia","offer_2colmedia_background":"--color-white-ml","offer_2colmedia_head_align":"center","offer_2colmedia_direction":"ltr","offer_2colmedia_media_width":"40%","offer_2colmedia_pbottom":false,"offer_2colmedia_title":"<h2>Your expert<\/h2>","offer_2colmedia_p":"","offer_2colmedia_img1":5479,"offer_2colmedia_vid1":"","offer_2colmedia_text1":"<h2 style=\"text-align:center;\">Sylvain Davril<\/h2>\r\n<h3 style=\"text-align:center;\">Leonard & Marketo Architect<\/h3>\r\n<p><ul>\r\n<li style=\"text-align:center;\">With 25 years' experience in CRM and Marketing Automation projects, Sylvain is equally at home with large accounts and SMEs.<\/li>\r\n<li style=\"text-align:center;\">Vous avez besoin d\u2019\u00e9changer librement avec un expert qui vous \u00e9coutera et vous conseillera sur la meilleure voie ? Sylvain Davril est l\u00e0 pour vous !<\/li>\r\n<\/ul><\/p>\r\n<p style=\"text-align:center;\"><a href=\"https:\/\/www.linkedin.com\/in\/sylvain-davril-top-expert-marketing-automation-marketo\/?locale=en_EN\" class=\"button\">LinkedIn profile<\/a><\/p>"},{"acf_fc_layout":"offer_2colmedia","offer_2colmedia_background":"--color-grey-ml","offer_2colmedia_head_align":"center","offer_2colmedia_direction":"rtl","offer_2colmedia_media_width":"50%","offer_2colmedia_pbottom":false,"offer_2colmedia_title":"<h2>\ud83c\udf93 Who is this session for?<\/h2>","offer_2colmedia_p":"","offer_2colmedia_img1":5606,"offer_2colmedia_vid1":"","offer_2colmedia_text1":"<h5>\ud83d\ude80CMO, Marketing Manager, Growth Manager, ABM Manager<\/h5>\r\n<h5>\ud83d\udcc8Sales & Marketing team looking for better alignment<\/h5>\r\n<h5>\ud83c\udfe2 B2B companies using or looking to optimize Marketo\/Demandbase<\/h5>"},{"acf_fc_layout":"offer_challenges","offer_challenges_background":"--color-white-ml","offer_challenges_items_background":"--color-grey-ml","offer_challenges_padding_top":50,"offer_challenges_padding_bottom":50,"offer_challenges_head_align":"center","offer_challenges_title":"<h2>\ud83d\udcc5 How does it work?<\/h2>","offer_challenges_p":"Lorem ipsum dolor sit amet","offer_challenges_items":[{"offer_challenges_item_image":5610,"offer_challenges_item_title":"<h3>Reserve your slot<\/h3>","offer_challenges_item_p":"<p>Choose an available slot and book your session.<\/p>\r\n<a href=\"https:\/\/merlinleonard.com\/en\/contact\/book-a-free-strategic-coaching-session\/\" class=\"cta\">Book an appointment<\/a>"},{"offer_challenges_item_image":5609,"offer_challenges_item_title":"<h3>Video session with Sylvain Davril<\/h3>","offer_challenges_item_p":"A 1? hour strategic exchange to structure your ideas and give you concrete recommendations."},{"offer_challenges_item_image":5608,"offer_challenges_item_title":"<h3>No commitment after the session<\/h3>","offer_challenges_item_p":"It's a free and spontaneous exchange: you leave with your notes and inspirations to take action at your own pace."}]},{"acf_fc_layout":"offer_testimonials","offer_testimonials_background":"--color-grey-ml","offer_testimonials_head_align":"center","offer_testimonials_title":"<h2>Our customers say it best<\/h2>","offer_testimonials_p":"","offer_testimonials_items":[101]},{"acf_fc_layout":"offer_col_cta_toggle","offer_col_cta_toggle_background":"--color-yellow-ml","offer_col_cta_toggle_title":"<h2 style=\"text-align:center;\">\ud83d\udca1 Ready to accelerate your strategy?<\/h2>","offer_col_cta_toggle_p":"Don't leave your questions unanswered.\r\nTake advantage of an exclusive free session with an expert to structure\r\nand boost your marketing automation and ABM strategy.","offer_col_cta_toggle_form":{"title":"Book a free strategic coaching session","url":"https:\/\/merlinleonard.com\/en\/contact\/book-a-free-strategic-coaching-session\/","target":"_blank"}},{"acf_fc_layout":"offer_qa","offer_qa_background":"--color-grey-ml","offer_qa_head_align":"center","offer_qa_title":"<h2 style=\"text-align:center;\">Frequently Asked Questions<\/h2>","offer_qa_p":"","offer_qa_qas":[{"offer_qa_q":"Who is this session for?","offer_qa_a":"This session is designed for CMOs, Marketing Managers, Growth Managers, ABM Managers, as well as Sales & Marketing teams looking to better align and optimize their B2B marketing strategy."},{"offer_qa_q":"Do you have to be a Marketo or Demandbase user to benefit from this?","offer_qa_a":"No, the session is useful whether you're already using Marketo, Demandbase or any other marketing automation and ABM solution. We'll tailor the exchange to your maturity and current tools."},{"offer_qa_q":"Can I bring my team?","offer_qa_a":"Yes, you can come alone or with members of your marketing and sales team."},{"offer_qa_q":"Is this session suitable for small businesses?","offer_qa_a":"Whether you're a start-up, SME or large enterprise, this session will help you structure your marketing automation and ABM approach, according to your resources and objectives."},{"offer_qa_q":"Is it really free?","offer_qa_a":"Yes, this session is completely free of charge, with no commitment and no post-session follow-up."},{"offer_qa_q":"How to make a reservation","offer_qa_a":"Reserve your slot now by clicking here : <a href=\"https:\/\/merlinleonard.com\/en\/contact\/book-a-free-strategic-coaching-session\/\" class=\"button\">Book an appointment<\/a>"}]}],"agenda_shortcode":"","ressources_video":""},"yoast_head":"<!-- This site is optimized with the Yoast SEO Premium plugin v27.1 (Yoast SEO v27.3) - https:\/\/yoast.com\/product\/yoast-seo-premium-wordpress\/ -->\n<title>Free strategic coaching : 1h30 to challenge your B2B marketing - Merlin\/Leonard<\/title>\n<meta name=\"description\" content=\"Talk to an expert to fine-tune your marketing strategy.\" \/>\n<meta name=\"robots\" content=\"index, follow, max-snippet:-1, max-image-preview:large, max-video-preview:-1\" \/>\n<link rel=\"canonical\" href=\"https:\/\/merlinleonard.com\/en\/nos-expertises\/vision-and-strategy\/free-strategic-coaching-1h30-to-challenge-your-b2b-marketing\/\" \/>\n<meta property=\"og:locale\" content=\"en_US\" \/>\n<meta property=\"og:type\" content=\"article\" \/>\n<meta property=\"og:title\" content=\"Free strategic coaching : 1h30 to challenge your B2B marketing\" \/>\n<meta property=\"og:description\" content=\"Talk to an expert to fine-tune your marketing strategy.\" \/>\n<meta property=\"og:url\" content=\"https:\/\/merlinleonard.com\/en\/nos-expertises\/vision-and-strategy\/free-strategic-coaching-1h30-to-challenge-your-b2b-marketing\/\" \/>\n<meta property=\"og:site_name\" content=\"Merlin\/Leonard\" \/>\n<meta property=\"article:publisher\" content=\"https:\/\/www.facebook.com\/MerlinxLeonard\/\" \/>\n<meta property=\"article:modified_time\" content=\"2025-10-16T09:04:15+00:00\" \/>\n<meta property=\"og:image\" content=\"https:\/\/merlinleonard.com\/en\/wp-content\/uploads\/sites\/2\/2025\/04\/Sylvain_1181x1181-e1760602747982.jpg\" \/>\n\t<meta property=\"og:image:width\" content=\"300\" \/>\n\t<meta property=\"og:image:height\" content=\"300\" \/>\n\t<meta property=\"og:image:type\" content=\"image\/jpeg\" \/>\n<meta name=\"twitter:card\" content=\"summary_large_image\" \/>\n<meta name=\"twitter:site\" content=\"@MerlinxLeonard\" \/>\n<meta name=\"twitter:label1\" content=\"Est. reading time\" \/>\n\t<meta name=\"twitter:data1\" content=\"1 minute\" \/>\n<script type=\"application\/ld+json\" class=\"yoast-schema-graph\">{\"@context\":\"https:\\\/\\\/schema.org\",\"@graph\":[{\"@type\":\"WebPage\",\"@id\":\"https:\\\/\\\/merlinleonard.com\\\/en\\\/nos-expertises\\\/vision-and-strategy\\\/free-strategic-coaching-1h30-to-challenge-your-b2b-marketing\\\/\",\"url\":\"https:\\\/\\\/merlinleonard.com\\\/en\\\/nos-expertises\\\/vision-and-strategy\\\/free-strategic-coaching-1h30-to-challenge-your-b2b-marketing\\\/\",\"name\":\"Free strategic coaching : 1h30 to challenge your B2B marketing - Merlin\\\/Leonard\",\"isPartOf\":{\"@id\":\"https:\\\/\\\/merlinleonard.com\\\/en\\\/#website\"},\"primaryImageOfPage\":{\"@id\":\"https:\\\/\\\/merlinleonard.com\\\/en\\\/nos-expertises\\\/vision-and-strategy\\\/free-strategic-coaching-1h30-to-challenge-your-b2b-marketing\\\/#primaryimage\"},\"image\":{\"@id\":\"https:\\\/\\\/merlinleonard.com\\\/en\\\/nos-expertises\\\/vision-and-strategy\\\/free-strategic-coaching-1h30-to-challenge-your-b2b-marketing\\\/#primaryimage\"},\"thumbnailUrl\":\"https:\\\/\\\/merlinleonard.com\\\/en\\\/wp-content\\\/uploads\\\/sites\\\/2\\\/2025\\\/04\\\/Sylvain_1181x1181-e1760602747982.jpg\",\"datePublished\":\"2025-04-29T06:13:27+00:00\",\"dateModified\":\"2025-10-16T09:04:15+00:00\",\"description\":\"Talk to an expert to fine-tune your marketing strategy.\",\"breadcrumb\":{\"@id\":\"https:\\\/\\\/merlinleonard.com\\\/en\\\/nos-expertises\\\/vision-and-strategy\\\/free-strategic-coaching-1h30-to-challenge-your-b2b-marketing\\\/#breadcrumb\"},\"inLanguage\":\"en-US\",\"potentialAction\":[{\"@type\":\"ReadAction\",\"target\":[\"https:\\\/\\\/merlinleonard.com\\\/en\\\/nos-expertises\\\/vision-and-strategy\\\/free-strategic-coaching-1h30-to-challenge-your-b2b-marketing\\\/\"]}]},{\"@type\":\"ImageObject\",\"inLanguage\":\"en-US\",\"@id\":\"https:\\\/\\\/merlinleonard.com\\\/en\\\/nos-expertises\\\/vision-and-strategy\\\/free-strategic-coaching-1h30-to-challenge-your-b2b-marketing\\\/#primaryimage\",\"url\":\"https:\\\/\\\/merlinleonard.com\\\/en\\\/wp-content\\\/uploads\\\/sites\\\/2\\\/2025\\\/04\\\/Sylvain_1181x1181-e1760602747982.jpg\",\"contentUrl\":\"https:\\\/\\\/merlinleonard.com\\\/en\\\/wp-content\\\/uploads\\\/sites\\\/2\\\/2025\\\/04\\\/Sylvain_1181x1181-e1760602747982.jpg\",\"width\":300,\"height\":300,\"caption\":\"Sylvain Davril, digital marketing, marketing automation, and ABM expert\"},{\"@type\":\"BreadcrumbList\",\"@id\":\"https:\\\/\\\/merlinleonard.com\\\/en\\\/nos-expertises\\\/vision-and-strategy\\\/free-strategic-coaching-1h30-to-challenge-your-b2b-marketing\\\/#breadcrumb\",\"itemListElement\":[{\"@type\":\"ListItem\",\"position\":1,\"name\":\"Accueil\",\"item\":\"https:\\\/\\\/merlinleonard.com\\\/en\\\/\"},{\"@type\":\"ListItem\",\"position\":2,\"name\":\"Our expertise &#8211; Digital marketing strategy, marketing automation, ABM with Demandbase and AI lead generation\",\"item\":\"https:\\\/\\\/merlinleonard.com\\\/en\\\/nos-expertises\\\/\"},{\"@type\":\"ListItem\",\"position\":3,\"name\":\"Vision and Strategy\",\"item\":\"https:\\\/\\\/merlinleonard.com\\\/en\\\/nos-expertises\\\/vision-and-strategy\\\/\"},{\"@type\":\"ListItem\",\"position\":4,\"name\":\"Free strategic coaching : 1h30 to challenge your B2B marketing\"}]},{\"@type\":\"WebSite\",\"@id\":\"https:\\\/\\\/merlinleonard.com\\\/en\\\/#website\",\"url\":\"https:\\\/\\\/merlinleonard.com\\\/en\\\/\",\"name\":\"Merlin\\\/Leonard\",\"description\":\"Merlin\\\/Leonard is a marketing consulting firm specializing in the Marketo marketing automation platform. We support you, large groups and ETIs, in the development and implementation of your marketing strategy in order to offer a memorable customer experience.&quot; en &quot;B2B marketing, strategy, automation and ABM: align technology with your objectives.\",\"publisher\":{\"@id\":\"https:\\\/\\\/merlinleonard.com\\\/en\\\/#organization\"},\"alternateName\":\"M\\\/L\",\"potentialAction\":[{\"@type\":\"SearchAction\",\"target\":{\"@type\":\"EntryPoint\",\"urlTemplate\":\"https:\\\/\\\/merlinleonard.com\\\/en\\\/?s={search_term_string}\"},\"query-input\":{\"@type\":\"PropertyValueSpecification\",\"valueRequired\":true,\"valueName\":\"search_term_string\"}}],\"inLanguage\":\"en-US\"},{\"@type\":\"Organization\",\"@id\":\"https:\\\/\\\/merlinleonard.com\\\/en\\\/#organization\",\"name\":\"Merlin\\\/Leonard\",\"alternateName\":\"M\\\/L\",\"url\":\"https:\\\/\\\/merlinleonard.com\\\/en\\\/\",\"logo\":{\"@type\":\"ImageObject\",\"inLanguage\":\"en-US\",\"@id\":\"https:\\\/\\\/merlinleonard.com\\\/en\\\/#\\\/schema\\\/logo\\\/image\\\/\",\"url\":\"https:\\\/\\\/merlinleonard.com\\\/en\\\/wp-content\\\/uploads\\\/sites\\\/2\\\/2024\\\/01\\\/merlinleonard-logo-court-carre.png\",\"contentUrl\":\"https:\\\/\\\/merlinleonard.com\\\/en\\\/wp-content\\\/uploads\\\/sites\\\/2\\\/2024\\\/01\\\/merlinleonard-logo-court-carre.png\",\"width\":139,\"height\":129,\"caption\":\"Merlin\\\/Leonard\"},\"image\":{\"@id\":\"https:\\\/\\\/merlinleonard.com\\\/en\\\/#\\\/schema\\\/logo\\\/image\\\/\"},\"sameAs\":[\"https:\\\/\\\/www.facebook.com\\\/MerlinxLeonard\\\/\",\"https:\\\/\\\/x.com\\\/MerlinxLeonard\",\"https:\\\/\\\/www.linkedin.com\\\/company\\\/merlin-lonard\\\/\"]}]}<\/script>\n<!-- \/ Yoast SEO Premium plugin. -->","yoast_head_json":{"title":"Free strategic coaching : 1h30 to challenge your B2B marketing - Merlin\/Leonard","description":"Talk to an expert to fine-tune your marketing strategy.","robots":{"index":"index","follow":"follow","max-snippet":"max-snippet:-1","max-image-preview":"max-image-preview:large","max-video-preview":"max-video-preview:-1"},"canonical":"https:\/\/merlinleonard.com\/en\/nos-expertises\/vision-and-strategy\/free-strategic-coaching-1h30-to-challenge-your-b2b-marketing\/","og_locale":"en_US","og_type":"article","og_title":"Free strategic coaching : 1h30 to challenge your B2B marketing","og_description":"Talk to an expert to fine-tune your marketing strategy.","og_url":"https:\/\/merlinleonard.com\/en\/nos-expertises\/vision-and-strategy\/free-strategic-coaching-1h30-to-challenge-your-b2b-marketing\/","og_site_name":"Merlin\/Leonard","article_publisher":"https:\/\/www.facebook.com\/MerlinxLeonard\/","article_modified_time":"2025-10-16T09:04:15+00:00","og_image":[{"width":300,"height":300,"url":"https:\/\/merlinleonard.com\/en\/wp-content\/uploads\/sites\/2\/2025\/04\/Sylvain_1181x1181-e1760602747982.jpg","type":"image\/jpeg"}],"twitter_card":"summary_large_image","twitter_site":"@MerlinxLeonard","twitter_misc":{"Est. reading time":"1 minute"},"schema":{"@context":"https:\/\/schema.org","@graph":[{"@type":"WebPage","@id":"https:\/\/merlinleonard.com\/en\/nos-expertises\/vision-and-strategy\/free-strategic-coaching-1h30-to-challenge-your-b2b-marketing\/","url":"https:\/\/merlinleonard.com\/en\/nos-expertises\/vision-and-strategy\/free-strategic-coaching-1h30-to-challenge-your-b2b-marketing\/","name":"Free strategic coaching : 1h30 to challenge your B2B marketing - Merlin\/Leonard","isPartOf":{"@id":"https:\/\/merlinleonard.com\/en\/#website"},"primaryImageOfPage":{"@id":"https:\/\/merlinleonard.com\/en\/nos-expertises\/vision-and-strategy\/free-strategic-coaching-1h30-to-challenge-your-b2b-marketing\/#primaryimage"},"image":{"@id":"https:\/\/merlinleonard.com\/en\/nos-expertises\/vision-and-strategy\/free-strategic-coaching-1h30-to-challenge-your-b2b-marketing\/#primaryimage"},"thumbnailUrl":"https:\/\/merlinleonard.com\/en\/wp-content\/uploads\/sites\/2\/2025\/04\/Sylvain_1181x1181-e1760602747982.jpg","datePublished":"2025-04-29T06:13:27+00:00","dateModified":"2025-10-16T09:04:15+00:00","description":"Talk to an expert to fine-tune your marketing strategy.","breadcrumb":{"@id":"https:\/\/merlinleonard.com\/en\/nos-expertises\/vision-and-strategy\/free-strategic-coaching-1h30-to-challenge-your-b2b-marketing\/#breadcrumb"},"inLanguage":"en-US","potentialAction":[{"@type":"ReadAction","target":["https:\/\/merlinleonard.com\/en\/nos-expertises\/vision-and-strategy\/free-strategic-coaching-1h30-to-challenge-your-b2b-marketing\/"]}]},{"@type":"ImageObject","inLanguage":"en-US","@id":"https:\/\/merlinleonard.com\/en\/nos-expertises\/vision-and-strategy\/free-strategic-coaching-1h30-to-challenge-your-b2b-marketing\/#primaryimage","url":"https:\/\/merlinleonard.com\/en\/wp-content\/uploads\/sites\/2\/2025\/04\/Sylvain_1181x1181-e1760602747982.jpg","contentUrl":"https:\/\/merlinleonard.com\/en\/wp-content\/uploads\/sites\/2\/2025\/04\/Sylvain_1181x1181-e1760602747982.jpg","width":300,"height":300,"caption":"Sylvain Davril, digital marketing, marketing automation, and ABM expert"},{"@type":"BreadcrumbList","@id":"https:\/\/merlinleonard.com\/en\/nos-expertises\/vision-and-strategy\/free-strategic-coaching-1h30-to-challenge-your-b2b-marketing\/#breadcrumb","itemListElement":[{"@type":"ListItem","position":1,"name":"Accueil","item":"https:\/\/merlinleonard.com\/en\/"},{"@type":"ListItem","position":2,"name":"Our expertise &#8211; Digital marketing strategy, marketing automation, ABM with Demandbase and AI lead generation","item":"https:\/\/merlinleonard.com\/en\/nos-expertises\/"},{"@type":"ListItem","position":3,"name":"Vision and Strategy","item":"https:\/\/merlinleonard.com\/en\/nos-expertises\/vision-and-strategy\/"},{"@type":"ListItem","position":4,"name":"Free strategic coaching : 1h30 to challenge your B2B marketing"}]},{"@type":"WebSite","@id":"https:\/\/merlinleonard.com\/en\/#website","url":"https:\/\/merlinleonard.com\/en\/","name":"Merlin\/Leonard","description":"Merlin\/Leonard is a marketing consulting firm specializing in the Marketo marketing automation platform. We support you, large groups and ETIs, in the development and implementation of your marketing strategy in order to offer a memorable customer experience.&quot; en &quot;B2B marketing, strategy, automation and ABM: align technology with your objectives.","publisher":{"@id":"https:\/\/merlinleonard.com\/en\/#organization"},"alternateName":"M\/L","potentialAction":[{"@type":"SearchAction","target":{"@type":"EntryPoint","urlTemplate":"https:\/\/merlinleonard.com\/en\/?s={search_term_string}"},"query-input":{"@type":"PropertyValueSpecification","valueRequired":true,"valueName":"search_term_string"}}],"inLanguage":"en-US"},{"@type":"Organization","@id":"https:\/\/merlinleonard.com\/en\/#organization","name":"Merlin\/Leonard","alternateName":"M\/L","url":"https:\/\/merlinleonard.com\/en\/","logo":{"@type":"ImageObject","inLanguage":"en-US","@id":"https:\/\/merlinleonard.com\/en\/#\/schema\/logo\/image\/","url":"https:\/\/merlinleonard.com\/en\/wp-content\/uploads\/sites\/2\/2024\/01\/merlinleonard-logo-court-carre.png","contentUrl":"https:\/\/merlinleonard.com\/en\/wp-content\/uploads\/sites\/2\/2024\/01\/merlinleonard-logo-court-carre.png","width":139,"height":129,"caption":"Merlin\/Leonard"},"image":{"@id":"https:\/\/merlinleonard.com\/en\/#\/schema\/logo\/image\/"},"sameAs":["https:\/\/www.facebook.com\/MerlinxLeonard\/","https:\/\/x.com\/MerlinxLeonard","https:\/\/www.linkedin.com\/company\/merlin-lonard\/"]}]}},"_links":{"self":[{"href":"https:\/\/merlinleonard.com\/en\/wp-json\/wp\/v2\/pages\/5477","targetHints":{"allow":["GET"]}}],"collection":[{"href":"https:\/\/merlinleonard.com\/en\/wp-json\/wp\/v2\/pages"}],"about":[{"href":"https:\/\/merlinleonard.com\/en\/wp-json\/wp\/v2\/types\/page"}],"author":[{"embeddable":true,"href":"https:\/\/merlinleonard.com\/en\/wp-json\/wp\/v2\/users\/2"}],"replies":[{"embeddable":true,"href":"https:\/\/merlinleonard.com\/en\/wp-json\/wp\/v2\/comments?post=5477"}],"version-history":[{"count":18,"href":"https:\/\/merlinleonard.com\/en\/wp-json\/wp\/v2\/pages\/5477\/revisions"}],"predecessor-version":[{"id":5910,"href":"https:\/\/merlinleonard.com\/en\/wp-json\/wp\/v2\/pages\/5477\/revisions\/5910"}],"up":[{"embeddable":true,"href":"https:\/\/merlinleonard.com\/en\/wp-json\/wp\/v2\/pages\/5451"}],"wp:featuredmedia":[{"embeddable":true,"href":"https:\/\/merlinleonard.com\/en\/wp-json\/wp\/v2\/media\/5479"}],"wp:attachment":[{"href":"https:\/\/merlinleonard.com\/en\/wp-json\/wp\/v2\/media?parent=5477"}],"curies":[{"name":"wp","href":"https:\/\/api.w.org\/{rel}","templated":true}]}}